{"id":1231,"date":"2025-10-31T19:45:17","date_gmt":"2025-10-31T19:45:17","guid":{"rendered":"https:\/\/website-test-hotel-delphin.de\/?page_id=1231"},"modified":"2026-02-14T13:46:34","modified_gmt":"2026-02-14T12:46:34","slug":"impressum","status":"publish","type":"page","link":"https:\/\/www.hotel-delphin.de\/en\/impressum\/","title":{"rendered":"Imprint"},"content":{"rendered":"<div data-elementor-type=\"wp-page\" data-elementor-id=\"1231\" class=\"elementor elementor-1231\" data-elementor-post-type=\"page\">\n\t\t\t\t<div class=\"elementor-element elementor-element-b7af799 e-flex e-con-boxed e-con e-parent\" data-id=\"b7af799\" data-element_type=\"container\" data-e-type=\"container\">\n\t\t\t\t\t<div class=\"e-con-inner\">\n\t\t\t\t<div class=\"elementor-element elementor-element-3aaea65 elementor-widget elementor-widget-text-editor\" data-id=\"3aaea65\" data-element_type=\"widget\" data-e-type=\"widget\" data-widget_type=\"text-editor.default\">\n\t\t\t\t\t\t\t\t\t<div class=\"content-default\"><h1>Imprint<\/h1><p>Dieses gilt f\u00fcr die Webseiten der Internetdom\u00e4ne www.hotel-delphin.de und die dazugeh\u00f6rige Social-Media-Plattformen Facebook: <a href=\"https:\/\/www.facebook.com\/DLRGTagungszentrumHotelDelphin\" rel=\"noopener\">https:\/\/www.facebook.com\/DLRGTagungszentrumHotelDelphin<\/a> und Instagram: <a href=\"https:\/\/www.instagram.com\/dlrg_tagungszentrum_delphin_bn\/\" rel=\"noopener\">https:\/\/www.instagram.com\/dlrg_tagungszentrum_delphin_bn\/<\/a>.<\/p><h1>Verantwortlich:<\/h1><p>DLRG Service GmbH<\/p><p>Tagungszentrum Hotel Delphin<\/p><p>Im Niedernfeld 1-3<\/p><p>31542 Bad Nenndorf<\/p><p>E-Mail: <a href=\"mailto:info@hotel-delphin.de\">info@hotel-delphin.de<\/a><\/p><p>Tel.: 05723 \/ 955-155<\/p><p>Fax: 05723 \/ 955-199<\/p><p><strong>Gesch\u00e4ftsf\u00fchrer:<\/strong> Henning Bock<\/p><p><strong>Amtsgericht Stadthagen:<\/strong> 969<\/p><p><strong>Umsatzsteueridentifikationsnummer:<\/strong> DE 175694562<\/p><p><strong>Inhaltlich Verantwortlicher gem\u00e4\u00df \u00a7 18 Abs. 2 MStV:<\/strong> Maik Ramm<\/p><p><strong>Haftungshinweis:<\/strong><\/p><p>Trotz sorgf\u00e4ltiger inhaltlicher Kontrolle \u00fcbernehmen wir keine Haftung f\u00fcr die Inhalte externer Links. F\u00fcr den Inhalt der verlinkten Seiten sind ausschlie\u00dflich deren Betreiber verantwortlich.<\/p><p><strong>Hinweis zur Streitbeilegung:<\/strong><\/p><p>Wir werden nicht an einem Verfahren zur au\u00dfergerichtlichen Streitbeilegung nach dem Verbraucherstreitbeilegungsgesetz (VSBG) teilnehmen und ist auch hierzu nicht verpflichtet.<\/p><p><strong>Bildnachweis:<\/strong><\/p><p>Die auf dieser Website verwendeten Bilder stammen \u2013 soweit nicht anders angegeben \u2013 von:<br \/>Bastian Ramm; Marek Banas; iStock (iStock by Getty Images); Envato Elements.<\/p><p>Bildmaterial zu Ausflugszielen (z. B. Sehensw\u00fcrdigkeiten, Ausflugsorte, Einrichtungen) stammt von den jeweiligen Rechteinhabern\/Betreibern der dargestellten Ausflugsziele; \u00a9 jeweilige Eigent\u00fcmer\/Rechteinhaber.<\/p><p>Wenn Gesch\u00e4fte mit Verbrauchern nicht rechtswirksam ausgeschlossen werden, m\u00fcssen folgende Info auf die Webseite und in die AGB:<\/p><p><strong>\u00a0<\/strong><\/p><p>Unternehmer m\u00fcssen ab <strong>01.02.2017<\/strong> \u00fcber die \u201efreiwillige\u201c (Nicht)-Teilnahme an einem alternativen Streitbeilegungsverfahren informieren.<\/p><p>Die zust\u00e4ndige Stelle f\u00fcr die alternative Streitbeilegung (AS) muss benannt werden.<\/p><p>F\u00fcr Pflegeeinrichtungen gilt das Wohn- und Betreuungsvertragsgesetz (WBVG).<\/p><ul><li>6 Abs. 3 Nr. 4 verweist auf \u00a7 36 Abs. 1 VSBG und fordert bereits ab April 2016 die neue Informationspflicht \u2013 unklar ob, nur im Vertrag oder auch auf der Webseite, <a href=\"https:\/\/www.bmfsfj.de\/bmfsfj\/aktuelles\/presse\/pressemitteilungen\/mehr-verbraucherschutz-in-der-pflege-durch-neue-schlichtungsstelle\/102976?view=DEFAULT\" rel=\"noopener\">siehe auch Pressemitteilung des Bundesministeriums f\u00fcr Familie, Senioren, Frauen und Jugend, vom 21.04.2016.<\/a><\/li><\/ul><p>F\u00fcr Pflegeeinrichtungen kommt die Allgemeine Verbraucherschlichtungsstelle des Zentrums f\u00fcr Schlichtung e.V. in Kehl in Betracht.<\/p><\/div>\t\t\t\t\t\t\t\t<\/div>\n\t\t\t\t\t<\/div>\n\t\t\t\t<\/div>\n\t\t\t\t<\/div>","protected":false},"excerpt":{"rendered":"<p>Impressum Dieses gilt f\u00fcr die Webseiten der Internetdom\u00e4ne www.hotel-delphin.de und die dazugeh\u00f6rige Social-Media-Plattformen Facebook: https:\/\/www.facebook.com\/DLRGTagungszentrumHotelDelphin und Instagram: https:\/\/www.instagram.com\/dlrg_tagungszentrum_delphin_bn\/. Verantwortlich: DLRG Service GmbH Tagungszentrum Hotel Delphin Im Niedernfeld 1-3 31542 Bad Nenndorf E-Mail: info@hotel-delphin.de Tel.: 05723 \/ 955-155 Fax: 05723 \/ 955-199 Gesch\u00e4ftsf\u00fchrer: Henning Bock Amtsgericht Stadthagen: 969 Umsatzsteueridentifikationsnummer: DE 175694562 Inhaltlich Verantwortlicher gem\u00e4\u00df \u00a7 18 [&hellip;]<\/p>\n","protected":false},"author":1,"featured_media":0,"parent":0,"menu_order":0,"comment_status":"closed","ping_status":"closed","template":"","meta":{"footnotes":""},"class_list":["post-1231","page","type-page","status-publish","hentry"],"_links":{"self":[{"href":"https:\/\/www.hotel-delphin.de\/en\/wp-json\/wp\/v2\/pages\/1231","targetHints":{"allow":["GET"]}}],"collection":[{"href":"https:\/\/www.hotel-delphin.de\/en\/wp-json\/wp\/v2\/pages"}],"about":[{"href":"https:\/\/www.hotel-delphin.de\/en\/wp-json\/wp\/v2\/types\/page"}],"author":[{"embeddable":true,"href":"https:\/\/www.hotel-delphin.de\/en\/wp-json\/wp\/v2\/users\/1"}],"replies":[{"embeddable":true,"href":"https:\/\/www.hotel-delphin.de\/en\/wp-json\/wp\/v2\/comments?post=1231"}],"version-history":[{"count":13,"href":"https:\/\/www.hotel-delphin.de\/en\/wp-json\/wp\/v2\/pages\/1231\/revisions"}],"predecessor-version":[{"id":4253,"href":"https:\/\/www.hotel-delphin.de\/en\/wp-json\/wp\/v2\/pages\/1231\/revisions\/4253"}],"wp:attachment":[{"href":"https:\/\/www.hotel-delphin.de\/en\/wp-json\/wp\/v2\/media?parent=1231"}],"curies":[{"name":"wp","href":"https:\/\/api.w.org\/{rel}","templated":true}]}}