{"id":4020,"date":"2026-01-26T22:02:36","date_gmt":"2026-01-26T21:02:36","guid":{"rendered":"https:\/\/website-test-hotel-delphin.de\/?page_id=4020"},"modified":"2026-01-26T22:03:55","modified_gmt":"2026-01-26T21:03:55","slug":"ds-wlan","status":"publish","type":"page","link":"https:\/\/www.hotel-delphin.de\/en\/ds-wlan\/","title":{"rendered":"DS-WLAN"},"content":{"rendered":"<div data-elementor-type=\"wp-page\" data-elementor-id=\"4020\" class=\"elementor elementor-4020\" data-elementor-post-type=\"page\">\n\t\t\t\t<div class=\"elementor-element elementor-element-eb471d0 e-flex e-con-boxed e-con e-parent\" data-id=\"eb471d0\" data-element_type=\"container\" data-e-type=\"container\">\n\t\t\t\t\t<div class=\"e-con-inner\">\n\t\t\t\t<div class=\"elementor-element elementor-element-c45ae1b elementor-widget elementor-widget-text-editor\" data-id=\"c45ae1b\" data-element_type=\"widget\" data-e-type=\"widget\" data-widget_type=\"text-editor.default\">\n\t\t\t\t\t\t\t\t\t<p><strong>Data protection information Guest WiFi <\/strong><\/p><p><strong>\u00a0<\/strong><\/p><p><strong>Responsible person:<\/strong><\/p><p>DLRG Service GmbH\u00a0\u00a0\u00a0\u00a0\u00a0\u00a0\u00a0\u00a0\u00a0\u00a0\u00a0\u00a0\u00a0\u00a0\u00a0\u00a0\u00a0\u00a0\u00a0\u00a0\u00a0\u00a0\u00a0\u00a0\u00a0\u00a0\u00a0\u00a0\u00a0\u00a0\u00a0\u00a0\u00a0\u00a0\u00a0\u00a0\u00a0\u00a0\u00a0\u00a0\u00a0\u00a0\u00a0\u00a0\u00a0\u00a0\u00a0\u00a0\u00a0\u00a0\u00a0\u00a0\u00a0 <br \/>Im Niedernfeld 1-3, 31542 Bad Nenndorf\u00a0\u00a0\u00a0\u00a0\u00a0\u00a0\u00a0\u00a0\u00a0\u00a0\u00a0 <br \/>E-Mail:\u00a0<a href=\"mailto:dsg@dlrg.de\">dsg@dlrg.de<\/a> \u00a0\u00a0\u00a0\u00a0\u00a0<\/p><p><strong>\u00a0<\/strong><\/p><p><strong>Contact details of external data protection officers:<\/strong><\/p><p><a href=\"mailto:kontakt-dsb@althammer-kill.de\">kontakt-dsb@althammer-kill.de<\/a><\/p><p><strong>\u00a0<\/strong><\/p><p><strong>Purposes of processing and legal bases:<\/strong><\/p><p>For the provision of our guest Wi-Fi, we process the following personal data for technical reasons: MAC address, IP address, any network and browser data that may be generated, and log data about the type and usage. We use IT service providers and processors. The data will not be forwarded to or further processed by third parties unless there is reasonable suspicion of unlawful use. In such cases, the data may be linked to other personal data and forwarded to third parties (e.g., law enforcement agencies, IT forensics companies). The legal basis for processing the aforementioned data is Article 6(1)(b) GDPR. If the data is further processed based on our legitimate interests (investigating suspected cases and violations, ensuring IT security), the legal basis is Article 6(1)(f) GDPR.<\/p><p>\u00a0<\/p><p><strong>Storage period:<\/strong><\/p><p>Personal data is automatically deleted after 7 days, unless there is a legitimate interest in longer retention, e.g., if there is suspicion of unlawful use or a threat to IT security. In that case, the data will be stored for as long as necessary for clarification.<\/p><p><strong>\u00a0<\/strong><\/p><p><strong>Rights of those affected:<\/strong><\/p><p>You have the right to information, rectification or erasure, restriction of processing, and data portability (Articles 15-20 GDPR), as well as the right to object in specific cases (Article 21 GDPR). Since the data is essentially only indirectly linked to individuals, we often require your cooperation to ensure that your rights as data subjects are protected. Regardless of the fact that you can contact our external data protection officer at any time for information and to lodge a complaint, you also have the right to lodge a complaint with any data protection supervisory authority.<\/p><p>\u00a0<\/p>\t\t\t\t\t\t\t\t<\/div>\n\t\t\t\t\t<\/div>\n\t\t\t\t<\/div>\n\t\t\t\t<\/div>","protected":false},"excerpt":{"rendered":"<p>Datenschutzinformationen G\u00e4ste WLAN \u00a0 Verantwortlicher: DLRG Service GmbH\u00a0\u00a0\u00a0\u00a0\u00a0\u00a0\u00a0\u00a0\u00a0\u00a0\u00a0\u00a0\u00a0\u00a0\u00a0\u00a0\u00a0\u00a0\u00a0\u00a0\u00a0\u00a0\u00a0\u00a0\u00a0\u00a0\u00a0\u00a0\u00a0\u00a0\u00a0\u00a0\u00a0\u00a0\u00a0\u00a0\u00a0\u00a0\u00a0\u00a0\u00a0\u00a0\u00a0\u00a0\u00a0\u00a0\u00a0\u00a0\u00a0\u00a0\u00a0\u00a0\u00a0 Im Niedernfeld 1-3, 31542 Bad Nenndorf\u00a0\u00a0\u00a0\u00a0\u00a0\u00a0\u00a0\u00a0\u00a0\u00a0\u00a0 E-Mail:\u00a0dsg@dlrg.de \u00a0\u00a0\u00a0\u00a0\u00a0 \u00a0 Kontaktdaten externer Datenschutzbeauftragter: kontakt-dsb@althammer-kill.de \u00a0 Zwecke der Verarbeitung und Rechtsgrundlagen: F\u00fcr die zur Verf\u00fcgungstellung unseres G\u00e4ste-WLAN verarbeiten wir technisch bedingt folgende personenbeziehbare Daten: MAC-Adresse, IP-Adresse, etwaig technisch anfallende Netzwerk- und Browserdaten sowie Protokolldaten \u00fcber die Art und Nutzung. [&hellip;]<\/p>\n","protected":false},"author":1,"featured_media":0,"parent":0,"menu_order":0,"comment_status":"closed","ping_status":"closed","template":"","meta":{"footnotes":""},"class_list":["post-4020","page","type-page","status-publish","hentry"],"_links":{"self":[{"href":"https:\/\/www.hotel-delphin.de\/en\/wp-json\/wp\/v2\/pages\/4020","targetHints":{"allow":["GET"]}}],"collection":[{"href":"https:\/\/www.hotel-delphin.de\/en\/wp-json\/wp\/v2\/pages"}],"about":[{"href":"https:\/\/www.hotel-delphin.de\/en\/wp-json\/wp\/v2\/types\/page"}],"author":[{"embeddable":true,"href":"https:\/\/www.hotel-delphin.de\/en\/wp-json\/wp\/v2\/users\/1"}],"replies":[{"embeddable":true,"href":"https:\/\/www.hotel-delphin.de\/en\/wp-json\/wp\/v2\/comments?post=4020"}],"version-history":[{"count":4,"href":"https:\/\/www.hotel-delphin.de\/en\/wp-json\/wp\/v2\/pages\/4020\/revisions"}],"predecessor-version":[{"id":4024,"href":"https:\/\/www.hotel-delphin.de\/en\/wp-json\/wp\/v2\/pages\/4020\/revisions\/4024"}],"wp:attachment":[{"href":"https:\/\/www.hotel-delphin.de\/en\/wp-json\/wp\/v2\/media?parent=4020"}],"curies":[{"name":"wp","href":"https:\/\/api.w.org\/{rel}","templated":true}]}}